{"id":468,"date":"2021-07-10T18:50:38","date_gmt":"2021-07-10T16:50:38","guid":{"rendered":"http:\/\/proxipeb.be\/?page_id=468"},"modified":"2023-09-28T14:43:56","modified_gmt":"2023-09-28T12:43:56","slug":"certibeau-2","status":"publish","type":"page","link":"https:\/\/proxipeb.be\/index.php\/certibeau-2\/","title":{"rendered":"CertIBeau"},"content":{"rendered":"\n<figure class=\"wp-block-image size-large is-resized\"><img decoding=\"async\" loading=\"lazy\" src=\"http:\/\/proxipeb.be\/wp-content\/uploads\/2021\/07\/certibeau.png\" alt=\"\" class=\"wp-image-469\" width=\"330\" height=\"247\"\/><\/figure>\n\n\n\n<h4 class=\"wp-block-heading\"><em>Qu&rsquo;est-ce que CertIBEau ?<\/em><\/h4>\n\n\n\n<p>Le l\u00e9gislateur souhaite d\u00e9sormais renforcer les garanties sur le respect des l\u00e9gislations en mati\u00e8re de distribution et d&rsquo;assainissement des eaux des b\u00e2timents dans un triple souci de <strong>sant\u00e9 publique<\/strong>, de <strong>protection de l&rsquo;environnement<\/strong> et d&rsquo;<strong>information<\/strong>.<\/p>\n\n\n\n<p>La d\u00e9marche CertIBEau organise le contr\u00f4le des l\u00e9gislations en vigueur en mati\u00e8re de distribution et d&rsquo;assainissement des eaux des b\u00e2timents. MAIS, elle n\u2019impose <strong>pas de nouvelles obligations<\/strong> aux particuliers.<\/p>\n\n\n\n<p>Elle <strong>concerne<\/strong> tant:<\/p>\n\n\n\n<ul><li> l&rsquo;<strong>eau \u00ab\u00a0int\u00e9rieure\u00a0\u00bb<\/strong>, c\u00e0d l\u2019eau de distribution (mais \u00e9galement l\u2019eau alternative, comme l&rsquo;eau de citerne) et son r\u00e9seau int\u00e9rieur avec d\u2019\u00e9ventuelles connexions avec des eaux alternatives; <\/li><li>que les <strong>eaux us\u00e9es<\/strong>, \u00e0 savoir le traitement et l\u2019\u00e9vacuation des eaux us\u00e9es et pluviales.<\/li><\/ul>\n\n\n\n<h4 class=\"wp-block-heading\"><em>CertIBEau pour qui, pour quoi? <\/em><\/h4>\n\n\n\n<p>La certification des immeubles b\u00e2tis pour l&rsquo;eau (CertIBeau) est d\u00e9sormais <strong>obligatoire<\/strong> pour tout b\u00e2timent faisant l&rsquo;objet d&rsquo;une demande de <strong>nouveau raccordement<\/strong> \u00e0 l&rsquo;eau de distribution sur le territoire wallon et introduite apr\u00e8s le 1er juin 2021.  L\u2019obtention de ce certificat, attestant de la conformit\u00e9 de l\u2019installation, sera la <strong>condition n\u00e9cessaire<\/strong> pour que le raccordement soit <strong>d\u00e9finitivement mis en service<\/strong> et que l&rsquo;immeuble ait ainsi acc\u00e8s \u00e0 l&rsquo;eau. Il est donc essentiel que les installations soient d\u00e8s aujourd\u2019hui r\u00e9alis\u00e9es conform\u00e9ment aux prescriptions.<\/p>\n\n\n\n<p>Par ailleurs, toute personne d\u00e9sireuse d\u2019en savoir plus sur les caract\u00e9ristiques et la conformit\u00e9 de son bien immobilier pourra \u00e9galement faire appel sur base <strong>volontaire<\/strong> \u00e0 un certificateur agr\u00e9\u00e9 afin de r\u00e9aliser un CertIBEau.<\/p>\n\n\n\n<p>En cas de mutation immobili\u00e8re (achat-vente), le CertIBEau n\u2019est pas obligatoire. Cependant, il peut apporter une plus-value au b\u00e2timent en garantissant sa conformit\u00e9 au Code de l\u2019Eau.<\/p>\n\n\n\n<h4 class=\"wp-block-heading\"><em>Comment se d\u00e9roule l&rsquo;audit CertIBEau?<\/em><\/h4>\n\n\n\n<p><strong>Lorsque votre installation int\u00e9rieure est termin\u00e9e ET que la gestion des eaux us\u00e9es \/ pluviales est effectu\u00e9e<\/strong> et fonctionnelle, vous prenez contact avec le certificateur pour fixer le rendez-vous de la visite.  A l&rsquo;occasion de ce contact, une s\u00e9rie d&rsquo;informations relative \u00e0 l\u2019immeuble et aux \u00e9quipements est requise (Exemple : raccordement \u00e0 l\u2019\u00e9gout, pr\u00e9sence d\u2019un syst\u00e8me d\u2019\u00e9puration individuelle, d\u2019une citerne d\u2019eau de pluie, \u2026)<\/p>\n\n\n\n<p>Le jour de la visite, <strong>votre pr\u00e9sence<\/strong> ou celle d\u2019un tiers mandat\u00e9 est <strong>requise<\/strong>.  Outre les contr\u00f4les visuels de la configuration des \u00e9quipements, des tests d\u2019\u00e9coulement seront en effet r\u00e9alis\u00e9s qui n\u00e9cessitent la pr\u00e9sence d\u2019une deuxi\u00e8me personne.  Veillez \u00e9galement \u00e0 <strong>rendre<\/strong> tous vos <strong>\u00e9quipements<\/strong> de distribution d\u2019eau et d\u2019\u00e9vacuation des eaux bien <strong>accessibles<\/strong>: regards de visite, taques diverses, \u2026<\/p>\n\n\n\n<p><strong>Pr\u00e9parez<\/strong> \u00e9galement les <strong>documents<\/strong> tels que les plans d\u2019\u00e9vacuation des eaux us\u00e9es as-built fournis par votre architecte, le document d\u2019autorisation de raccordement \u00e0 l\u2019\u00e9gout de la commune, etc.<\/p>\n\n\n\n<p>A l&rsquo;issue de la visite, qui dure g\u00e9n\u00e9ralement une \u00e0 deux heures (et <strong>uniquement si les installations sont jug\u00e9es conformes!<\/strong>), vous recevrez un <strong>rapport de visite<\/strong> et un <strong>formulaire d&rsquo;attestation<\/strong>.  Le scell\u00e9 limitant le d\u00e9bit d\u2019eau au compteur sera lev\u00e9 par le certificateur.  <br>Rappelons que pour les nouveaux raccordements (uniquement) et en cas de constat de non-conformit\u00e9, le certificat ne pourra pas \u00eatre d\u00e9livr\u00e9 ni le scell\u00e9 lev\u00e9 et l\u2019installation devra subir un second contr\u00f4le apr\u00e8s mise en conformit\u00e9.  <\/p>\n\n\n\n<h4 class=\"wp-block-heading\"><em>Que co\u00fbte un audit CertIBEau?<\/em><\/h4>\n\n\n\n<p>Pour un nouveau raccordement, le prix est de <strong>350\u20ac <\/strong>TTC.  A noter que ce prix inclut d&rsquo;office une contribution de 25\u20ac HTVA r\u00e9troc\u00e9d\u00e9s \u00e0 la SPGE.<\/p>\n\n\n\n<h4 class=\"wp-block-heading\"><em><strong>En savoir plus&#8230;<\/strong><\/em><\/h4>\n\n\n\n<p>Acc\u00e9dez directement \u00e0 la <strong>vid\u00e9o<\/strong> relative \u00e0 la d\u00e9marche <a href=\"https:\/\/youtu.be\/PoYltOiUeRw\"><strong>ici<\/strong><\/a>. &nbsp;<\/p>\n\n\n\n<p>Consultez <strong><a href=\"https:\/\/www.certibeau.be\/fr\">ici<\/a> <\/strong>le site CertIBEau qui vous \u00e9claire utilement.<\/p>\n","protected":false},"excerpt":{"rendered":"<p>Qu&rsquo;est-ce que CertIBEau ? Le l\u00e9gislateur souhaite d\u00e9sormais renforcer les garanties sur le respect des l\u00e9gislations en mati\u00e8re de distribution et d&rsquo;assainissement des eaux des b\u00e2timents dans un triple souci &#8230;<\/p>\n","protected":false},"author":1,"featured_media":0,"parent":0,"menu_order":0,"comment_status":"closed","ping_status":"closed","template":"","meta":{"ngg_post_thumbnail":0,"footnotes":""},"_links":{"self":[{"href":"https:\/\/proxipeb.be\/index.php\/wp-json\/wp\/v2\/pages\/468"}],"collection":[{"href":"https:\/\/proxipeb.be\/index.php\/wp-json\/wp\/v2\/pages"}],"about":[{"href":"https:\/\/proxipeb.be\/index.php\/wp-json\/wp\/v2\/types\/page"}],"author":[{"embeddable":true,"href":"https:\/\/proxipeb.be\/index.php\/wp-json\/wp\/v2\/users\/1"}],"replies":[{"embeddable":true,"href":"https:\/\/proxipeb.be\/index.php\/wp-json\/wp\/v2\/comments?post=468"}],"version-history":[{"count":21,"href":"https:\/\/proxipeb.be\/index.php\/wp-json\/wp\/v2\/pages\/468\/revisions"}],"predecessor-version":[{"id":557,"href":"https:\/\/proxipeb.be\/index.php\/wp-json\/wp\/v2\/pages\/468\/revisions\/557"}],"wp:attachment":[{"href":"https:\/\/proxipeb.be\/index.php\/wp-json\/wp\/v2\/media?parent=468"}],"curies":[{"name":"wp","href":"https:\/\/api.w.org\/{rel}","templated":true}]}}