{"id":38,"date":"2016-12-08T18:06:57","date_gmt":"2016-12-08T17:06:57","guid":{"rendered":"http:\/\/proxipeb.be\/?page_id=38"},"modified":"2020-12-03T13:58:22","modified_gmt":"2020-12-03T12:58:22","slug":"thermographie","status":"publish","type":"page","link":"https:\/\/proxipeb.be\/index.php\/thermographie\/","title":{"rendered":"Thermographie"},"content":{"rendered":"<p><img decoding=\"async\" loading=\"lazy\" class=\"wp-image-413 \" src=\"http:\/\/proxipeb.be\/wp-content\/uploads\/2020\/12\/thermographie.jpg\" alt=\"\" width=\"294\" height=\"196\" srcset=\"https:\/\/proxipeb.be\/wp-content\/uploads\/2020\/12\/thermographie.jpg 612w, https:\/\/proxipeb.be\/wp-content\/uploads\/2020\/12\/thermographie-300x200.jpg 300w\" sizes=\"(max-width: 294px) 100vw, 294px\" \/><\/p>\n<h4>&nbsp;<\/h4>\n<h4><em>Pourquoi une thermographie?<\/em><\/h4>\n<p>Cette technologie nous permet d\u00e9sormais de \u00ab\u00a0voir la chaleur\u00a0\u00bb&#8230;&nbsp; Gr\u00e2ce \u00e0 la cam\u00e9ra thermique, il est en effet possible de visualiser les d\u00e9perditions d&rsquo;\u00e9nergie d&rsquo;un b\u00e2timent.<\/p>\n<p>Une thermographie s&rsquo;av\u00e8re d\u00e8s lors particuli\u00e8rement pertinente en cas de <strong>r\u00e9novation<\/strong>.&nbsp; Les points faibles et anomalies du b\u00e2timent existant sont directement d\u00e9tect\u00e9s et sont autant d&rsquo;<strong>informations pr\u00e9cieuses<\/strong> sur les travaux les plus pertinents \u00e0 envisager pour y rem\u00e9dier.<\/p>\n<p>A la fin du chantier, une thermographie peut confirmer que les travaux ont parfaitement \u00e9t\u00e9 mis en \u0153uvre&#8230; ou parfois h\u00e9las mettre en lumi\u00e8re l&rsquo;un ou l&rsquo;autre d\u00e9faut \u00e0 corriger&#8230;<\/p>\n<p>Nous r\u00e9alisons la <strong>thermographie compl\u00e8te<\/strong> de votre bien et vous fournissons un <strong>rapport exhaustif<\/strong> avec les informations pr\u00e9lev\u00e9es et reprenant chaque caract\u00e9ristique ou anomalie d\u00e9tect\u00e9e: probl\u00e8me d&rsquo;humidit\u00e9, de pont thermique, isolation, etc.&nbsp; Nous vous prodiguons des conseils pour les <strong>corriger<\/strong>.<\/p>\n<p>La thermographie peut aussi s&rsquo;av\u00e9rer un compl\u00e9ment id\u00e9al \u00e0 l&rsquo;<a href=\"http:\/\/proxipeb.be\/index.php\/audit-pae2\/\">audit logement.<\/a><\/p>\n<p>Nous pouvons \u00e9galement intervenir sur un probl\u00e8me plus <strong>ponctuel<\/strong>.&nbsp;<\/p>\n<p><a href=\"http:\/\/proxipeb.be\/index.php\/contact\/\"><strong>Contactez-nous<\/strong><\/a> pour en discuter et obtenir un devis.<\/p>\n","protected":false},"excerpt":{"rendered":"<p>&nbsp; Pourquoi une thermographie? Cette technologie nous permet d\u00e9sormais de \u00ab\u00a0voir la chaleur\u00a0\u00bb&#8230;&nbsp; Gr\u00e2ce \u00e0 la cam\u00e9ra thermique, il est en effet possible de visualiser les d\u00e9perditions d&rsquo;\u00e9nergie d&rsquo;un b\u00e2timent. &#8230;<\/p>\n","protected":false},"author":1,"featured_media":0,"parent":0,"menu_order":0,"comment_status":"closed","ping_status":"closed","template":"","meta":{"ngg_post_thumbnail":0,"footnotes":""},"_links":{"self":[{"href":"https:\/\/proxipeb.be\/index.php\/wp-json\/wp\/v2\/pages\/38"}],"collection":[{"href":"https:\/\/proxipeb.be\/index.php\/wp-json\/wp\/v2\/pages"}],"about":[{"href":"https:\/\/proxipeb.be\/index.php\/wp-json\/wp\/v2\/types\/page"}],"author":[{"embeddable":true,"href":"https:\/\/proxipeb.be\/index.php\/wp-json\/wp\/v2\/users\/1"}],"replies":[{"embeddable":true,"href":"https:\/\/proxipeb.be\/index.php\/wp-json\/wp\/v2\/comments?post=38"}],"version-history":[{"count":15,"href":"https:\/\/proxipeb.be\/index.php\/wp-json\/wp\/v2\/pages\/38\/revisions"}],"predecessor-version":[{"id":430,"href":"https:\/\/proxipeb.be\/index.php\/wp-json\/wp\/v2\/pages\/38\/revisions\/430"}],"wp:attachment":[{"href":"https:\/\/proxipeb.be\/index.php\/wp-json\/wp\/v2\/media?parent=38"}],"curies":[{"name":"wp","href":"https:\/\/api.w.org\/{rel}","templated":true}]}}